{"id":528,"date":"2025-11-16T21:42:37","date_gmt":"2025-11-16T21:42:37","guid":{"rendered":"https:\/\/onyxsistemi.it\/?page_id=528"},"modified":"2025-11-18T17:09:25","modified_gmt":"2025-11-18T17:09:25","slug":"privacy-candidatura","status":"publish","type":"page","link":"https:\/\/onyxsistemi.it\/?page_id=528","title":{"rendered":"Privacy Candidatura"},"content":{"rendered":"\n<p><strong>Informativa ex art. 13 del Regolamento UE n. 679\/2016<\/strong><\/p>\n\n\n\n<p>Gentile Signore\/a,<\/p>\n\n\n\n<p>Desideriamo informarLa che secondo la normativa indicata, il trattamento dei Dati personali che La riguardano (nome, cognome, indirizzo e-mail, numero di telefono ecc.), sar\u00e0 improntato ai principi di correttezza, liceit\u00e0, trasparenza e di tutela della Sua riservatezza e dei Suoi diritti.<\/p>\n\n\n\n<p>Ai sensi dell\u2019art. 13 del Regolamento UE n. 679\/2016, pertanto, Le forniamo le seguenti informazioni:<\/p>\n\n\n\n<p><strong>1. Titolare del trattamento:<\/strong><\/p>\n\n\n\n<p>Il Titolare del trattamento dei dati personali \u00e8 Onyx Sistemi S.r.l., in persona del legale rappresentante <em>p.t., <\/em>con sede legale in Milano, Via Carlo Gomes n. 5, P.I. 09483190964, pec: onyxsistemi@pec.it<\/p>\n\n\n\n<p><strong>2. Finalit\u00e0 del trattamento<\/strong><\/p>\n\n\n\n<p>La informiamo che i dati raccolti saranno utilizzati per:<\/p>\n\n\n\n<ol class=\"wp-block-list\">\n<li>dare seguito alla Sua richiesta di contatto e\/o di informazioni mediante i recapiti da Lei forniti.<\/li>\n\n\n\n<li>lo svolgimento di attivit\u00e0 di ricerca, selezione e valutazione del personale per la propria struttura organizzativa o nell\u2019interesse di societ\u00e0 terze (partner o clienti) per lo svolgimento di specifiche consulenze con personale altamente qualificato.<\/li>\n<\/ol>\n\n\n\n<p>La base giuridica del trattamento \u00e8 il consenso da Lei prestato al trattamento stesso.<\/p>\n\n\n\n<p><strong>3. Conferimento dei dati e consenso al trattamento:<\/strong><\/p>\n\n\n\n<p>Il conferimento dei dati per la finalit\u00e0 sopra riportata \u00e8 obbligatorio, in caso di mancato conferimento dei dati non sar\u00e0 possibile dare seguito alla attivit\u00e0 di selezione e valutazione della Sua candidatura.<\/p>\n\n\n\n<p><strong>4. Modalit\u00e0 del trattamento:<\/strong><\/p>\n\n\n\n<p>I Suoi dati sono sottoposti a trattamento sia cartaceo che elettronico e automatizzato, nel rispetto di una procedura interna e di misure tecniche in grado di garantire la sicurezza, l\u2019integrit\u00e0 e la riservatezza dei dati stessi.<\/p>\n\n\n\n<p>I dati personali verranno conservati per un periodo di tempo non superiore a quello necessario a gestire la candidatura. I dati personali potranno comunque essere conservati anche successivamente alla gestione di una specifica candidatura, ove Onyx Sistemi ritenga che continuino a sussistere ulteriori finalit\u00e0 e interessi di ricerca, selezione e valutazione del personale.<\/p>\n\n\n\n<p>I dati potranno essere comunicati a societ\u00e0 terze (partner e clienti del Titolare) per la finalit\u00e0 indicata al punto 2 e saranno in ogni caso trattati con correttezza e trasparenza solo da personale direttamente incaricato dal Titolare.<\/p>\n\n\n\n<p>L\u2019elenco aggiornato di eventuali Responsabili del trattamento \u00e8 custodito presso la sede legale del Titolare del Trattamento<\/p>\n\n\n\n<p><strong>5.<\/strong> <strong>Facoltativit\u00e0 del conferimento dei dati<\/strong><\/p>\n\n\n\n<p>L\u2019utente \u00e8 libero di fornire i propri dati personali, tuttavia, il loro mancato conferimento potrebbe comportare l\u2019impossibilit\u00e0 di inviare o ricevere le informazioni richieste (si veda nel dettaglio quanto riportato al punto 3 \u201cConferimento dei dati\u201d).<\/p>\n\n\n\n<p><strong>6. Diritti degli interessati<\/strong><\/p>\n\n\n\n<p>Lei ha la facolt\u00e0, in ogni momento, di esercitare i seguenti diritti:<\/p>\n\n\n\n<ol style=\"list-style-type:lower-alpha\" class=\"wp-block-list\">\n<li>di accesso ai dati personali;<\/li>\n\n\n\n<li>di rettifica e cancellazione dei dati personali o di limitazione del trattamento dei dati stessi;<\/li>\n\n\n\n<li>di opposizione al trattamento dei dati personali;<\/li>\n\n\n\n<li>di portabilit\u00e0 dei dati personali;<\/li>\n\n\n\n<li>di revoca del consenso, ove previsto \u2013 la revoca del consenso non pregiudica la liceit\u00e0 del trattamento basata sul consenso conferito prima della revoca;<\/li>\n\n\n\n<li>di proporre reclamo all\u2019Autorit\u00e0 di controllo (Garante Privacy).<\/li>\n<\/ol>\n\n\n\n<p>L\u2019esercizio dei Suoi diritti potr\u00e0 avvenire attraverso l\u2019invio di una richiesta al seguente indirizzo mail: privacy@onyxsistemi.it<\/p>\n\n\n\n<p>Risponderemo alle richieste entro 30 giorni. Tuttavia, i tempi di completamento delle stesse potrebbero essere pi\u00f9 lunghi. Ci assicureremo comunque di comunicare questi dettagli via e-mail. Tutte le informazioni che ci verranno fornite nella richiesta saranno utilizzate solo per l&#8217;adempimento della stessa e verranno eliminate entro 12 mesi.<\/p>\n","protected":false},"excerpt":{"rendered":"<p>Informativa ex art. 13 del Regolamento UE n. 679\/2016 Gentile Signore\/a, Desideriamo informarLa che secondo la normativa indicata, il trattamento dei Dati personali che La riguardano (nome, cognome, indirizzo e-mail, [&hellip;]<\/p>\n","protected":false},"author":2,"featured_media":0,"parent":0,"menu_order":0,"comment_status":"closed","ping_status":"closed","template":"","meta":{"footnotes":""},"class_list":["post-528","page","type-page","status-publish","hentry"],"featured_media_urls":[],"_links":{"self":[{"href":"https:\/\/onyxsistemi.it\/index.php?rest_route=\/wp\/v2\/pages\/528","targetHints":{"allow":["GET"]}}],"collection":[{"href":"https:\/\/onyxsistemi.it\/index.php?rest_route=\/wp\/v2\/pages"}],"about":[{"href":"https:\/\/onyxsistemi.it\/index.php?rest_route=\/wp\/v2\/types\/page"}],"author":[{"embeddable":true,"href":"https:\/\/onyxsistemi.it\/index.php?rest_route=\/wp\/v2\/users\/2"}],"replies":[{"embeddable":true,"href":"https:\/\/onyxsistemi.it\/index.php?rest_route=%2Fwp%2Fv2%2Fcomments&post=528"}],"version-history":[{"count":3,"href":"https:\/\/onyxsistemi.it\/index.php?rest_route=\/wp\/v2\/pages\/528\/revisions"}],"predecessor-version":[{"id":562,"href":"https:\/\/onyxsistemi.it\/index.php?rest_route=\/wp\/v2\/pages\/528\/revisions\/562"}],"wp:attachment":[{"href":"https:\/\/onyxsistemi.it\/index.php?rest_route=%2Fwp%2Fv2%2Fmedia&parent=528"}],"curies":[{"name":"wp","href":"https:\/\/api.w.org\/{rel}","templated":true}]}}